{"id":222,"date":"2022-04-27T20:45:45","date_gmt":"2022-04-28T00:45:45","guid":{"rendered":"https:\/\/humainavanttout.com\/boutique\/?page_id=222"},"modified":"2024-12-12T02:15:14","modified_gmt":"2024-12-12T07:15:14","slug":"retours","status":"publish","type":"page","link":"https:\/\/humainavanttout.com\/boutique\/retours\/","title":{"rendered":"Retours"},"content":{"rendered":"\t\t<div data-elementor-type=\"wp-page\" data-elementor-id=\"222\" class=\"elementor elementor-222\" data-elementor-post-type=\"page\">\n\t\t\t\t<div class=\"elementor-element elementor-element-f17cb14 e-grid e-con-full e-con e-parent\" data-id=\"f17cb14\" data-element_type=\"container\" data-settings=\"{&quot;background_background&quot;:&quot;classic&quot;}\">\n\t\t\t\t<div class=\"elementor-element elementor-element-04a596b titre-accueil elementor-widget elementor-widget-heading\" data-id=\"04a596b\" data-element_type=\"widget\" data-widget_type=\"heading.default\">\n\t\t\t\t<div class=\"elementor-widget-container\">\n\t\t\t<h2 class=\"elementor-heading-title elementor-size-default\">Retours<\/h2>\t\t<\/div>\n\t\t\t\t<\/div>\n\t\t\t\t<\/div>\n\t\t<div class=\"elementor-element elementor-element-36fb3e3 e-flex e-con-boxed e-con e-parent\" data-id=\"36fb3e3\" data-element_type=\"container\">\n\t\t\t\t\t<div class=\"e-con-inner\">\n\t\t\t\t<div class=\"elementor-element elementor-element-67e053a elementor-widget elementor-widget-text-editor\" data-id=\"67e053a\" data-element_type=\"widget\" data-widget_type=\"text-editor.default\">\n\t\t\t\t<div class=\"elementor-widget-container\">\n\t\t\t\t\t\t\t<h3>Notre politique de retours<\/h3><p>Pour effectuer un retour ou pour toute question, merci de nous envoyer un courriel \u00e0\u00a0<strong>boutique@humainavanttout.com.<\/strong><\/p><p>Les remboursements sont possibles pour tous nos produits, \u00e0 l\u2019exception des illustrations t\u00e9l\u00e9chargeables.<\/p><p>Vous avez jusqu\u2019\u00e0 14 jours suivant la date d\u2019achat pour nous retourner le produit dans son emballage d\u2019origine. Prenez note que les co\u00fbts d\u2019exp\u00e9dition pour le retour seront \u00e0 vos frais.<\/p><p>Un remboursement aura lieu seulement si le produit retourn\u00e9 est dans un parfait \u00e9tat. Nous vous aviserons par courriel lorsque nous aurons inspect\u00e9 le produit et que le remboursement aura \u00e9t\u00e9 effectu\u00e9. Celui-ci aura lieu via le mode de paiement utilis\u00e9 pour l\u2019achat. Pr\u00e9voyez quelques jours ouvrables avant qu\u2019il apparaisse sur votre compte bancaire.<\/p><p>Finalement, si vous souhaitez faire un \u00e9change, nous vous invitons \u00e0 faire un nouvel achat en ligne apr\u00e8s avoir re\u00e7u votre remboursement.<\/p>\t\t\t\t\t\t<\/div>\n\t\t\t\t<\/div>\n\t\t\t\t\t<\/div>\n\t\t\t\t<\/div>\n\t\t\t\t<\/div>\n\t\t","protected":false},"excerpt":{"rendered":"<p>Retours Notre politique de retours Pour effectuer un retour ou pour toute question, merci de nous envoyer un courriel \u00e0\u00a0boutique@humainavanttout.com. Les remboursements sont possibles pour tous nos produits, \u00e0 l\u2019exception des illustrations t\u00e9l\u00e9chargeables. Vous avez jusqu\u2019\u00e0 14 jours suivant la date d\u2019achat pour nous retourner le produit dans son emballage d\u2019origine. Prenez note que les [&hellip;]<\/p>\n","protected":false},"author":1,"featured_media":0,"parent":0,"menu_order":0,"comment_status":"closed","ping_status":"closed","template":"","meta":{"_monsterinsights_skip_tracking":false,"_monsterinsights_sitenote_active":false,"_monsterinsights_sitenote_note":"","_monsterinsights_sitenote_category":0,"footnotes":""},"class_list":["post-222","page","type-page","status-publish","hentry"],"yoast_head":"<!-- This site is optimized with the Yoast SEO plugin v24.0 - https:\/\/yoast.com\/wordpress\/plugins\/seo\/ -->\n<title>Retours - Boutique Humain Avant Tout<\/title>\n<meta name=\"robots\" content=\"index, follow, max-snippet:-1, max-image-preview:large, max-video-preview:-1\" \/>\n<link rel=\"canonical\" href=\"https:\/\/humainavanttout.com\/boutique\/retours\/\" \/>\n<meta property=\"og:locale\" content=\"fr_FR\" \/>\n<meta property=\"og:type\" content=\"article\" \/>\n<meta property=\"og:title\" content=\"Retours - Boutique Humain Avant Tout\" \/>\n<meta property=\"og:description\" content=\"Retours Notre politique de retours Pour effectuer un retour ou pour toute question, merci de nous envoyer un courriel \u00e0\u00a0boutique@humainavanttout.com. Les remboursements sont possibles pour tous nos produits, \u00e0 l\u2019exception des illustrations t\u00e9l\u00e9chargeables. Vous avez jusqu\u2019\u00e0 14 jours suivant la date d\u2019achat pour nous retourner le produit dans son emballage d\u2019origine. Prenez note que les [&hellip;]\" \/>\n<meta property=\"og:url\" content=\"https:\/\/humainavanttout.com\/boutique\/retours\/\" \/>\n<meta property=\"og:site_name\" content=\"Boutique Humain Avant Tout\" \/>\n<meta property=\"article:modified_time\" content=\"2024-12-12T07:15:14+00:00\" \/>\n<meta name=\"twitter:card\" content=\"summary_large_image\" \/>\n<meta name=\"twitter:label1\" content=\"Est. reading time\" \/>\n\t<meta name=\"twitter:data1\" content=\"1 minute\" \/>\n<script type=\"application\/ld+json\" class=\"yoast-schema-graph\">{\"@context\":\"https:\/\/schema.org\",\"@graph\":[{\"@type\":\"WebPage\",\"@id\":\"https:\/\/humainavanttout.com\/boutique\/retours\/\",\"url\":\"https:\/\/humainavanttout.com\/boutique\/retours\/\",\"name\":\"Retours - Boutique Humain Avant Tout\",\"isPartOf\":{\"@id\":\"https:\/\/humainavanttout.com\/boutique\/#website\"},\"datePublished\":\"2022-04-28T00:45:45+00:00\",\"dateModified\":\"2024-12-12T07:15:14+00:00\",\"breadcrumb\":{\"@id\":\"https:\/\/humainavanttout.com\/boutique\/retours\/#breadcrumb\"},\"inLanguage\":\"fr-FR\",\"potentialAction\":[{\"@type\":\"ReadAction\",\"target\":[\"https:\/\/humainavanttout.com\/boutique\/retours\/\"]}]},{\"@type\":\"BreadcrumbList\",\"@id\":\"https:\/\/humainavanttout.com\/boutique\/retours\/#breadcrumb\",\"itemListElement\":[{\"@type\":\"ListItem\",\"position\":1,\"name\":\"Home\",\"item\":\"https:\/\/humainavanttout.com\/boutique\/\"},{\"@type\":\"ListItem\",\"position\":2,\"name\":\"Retours\"}]},{\"@type\":\"WebSite\",\"@id\":\"https:\/\/humainavanttout.com\/boutique\/#website\",\"url\":\"https:\/\/humainavanttout.com\/boutique\/\",\"name\":\"Boutique Humain Avant Tout\",\"description\":\"\",\"potentialAction\":[{\"@type\":\"SearchAction\",\"target\":{\"@type\":\"EntryPoint\",\"urlTemplate\":\"https:\/\/humainavanttout.com\/boutique\/?s={search_term_string}\"},\"query-input\":{\"@type\":\"PropertyValueSpecification\",\"valueRequired\":true,\"valueName\":\"search_term_string\"}}],\"inLanguage\":\"fr-FR\"}]}<\/script>\n<!-- \/ Yoast SEO plugin. -->","yoast_head_json":{"title":"Retours - Boutique Humain Avant Tout","robots":{"index":"index","follow":"follow","max-snippet":"max-snippet:-1","max-image-preview":"max-image-preview:large","max-video-preview":"max-video-preview:-1"},"canonical":"https:\/\/humainavanttout.com\/boutique\/retours\/","og_locale":"fr_FR","og_type":"article","og_title":"Retours - Boutique Humain Avant Tout","og_description":"Retours Notre politique de retours Pour effectuer un retour ou pour toute question, merci de nous envoyer un courriel \u00e0\u00a0boutique@humainavanttout.com. Les remboursements sont possibles pour tous nos produits, \u00e0 l\u2019exception des illustrations t\u00e9l\u00e9chargeables. Vous avez jusqu\u2019\u00e0 14 jours suivant la date d\u2019achat pour nous retourner le produit dans son emballage d\u2019origine. Prenez note que les [&hellip;]","og_url":"https:\/\/humainavanttout.com\/boutique\/retours\/","og_site_name":"Boutique Humain Avant Tout","article_modified_time":"2024-12-12T07:15:14+00:00","twitter_card":"summary_large_image","twitter_misc":{"Est. reading time":"1 minute"},"schema":{"@context":"https:\/\/schema.org","@graph":[{"@type":"WebPage","@id":"https:\/\/humainavanttout.com\/boutique\/retours\/","url":"https:\/\/humainavanttout.com\/boutique\/retours\/","name":"Retours - Boutique Humain Avant Tout","isPartOf":{"@id":"https:\/\/humainavanttout.com\/boutique\/#website"},"datePublished":"2022-04-28T00:45:45+00:00","dateModified":"2024-12-12T07:15:14+00:00","breadcrumb":{"@id":"https:\/\/humainavanttout.com\/boutique\/retours\/#breadcrumb"},"inLanguage":"fr-FR","potentialAction":[{"@type":"ReadAction","target":["https:\/\/humainavanttout.com\/boutique\/retours\/"]}]},{"@type":"BreadcrumbList","@id":"https:\/\/humainavanttout.com\/boutique\/retours\/#breadcrumb","itemListElement":[{"@type":"ListItem","position":1,"name":"Home","item":"https:\/\/humainavanttout.com\/boutique\/"},{"@type":"ListItem","position":2,"name":"Retours"}]},{"@type":"WebSite","@id":"https:\/\/humainavanttout.com\/boutique\/#website","url":"https:\/\/humainavanttout.com\/boutique\/","name":"Boutique Humain Avant Tout","description":"","potentialAction":[{"@type":"SearchAction","target":{"@type":"EntryPoint","urlTemplate":"https:\/\/humainavanttout.com\/boutique\/?s={search_term_string}"},"query-input":{"@type":"PropertyValueSpecification","valueRequired":true,"valueName":"search_term_string"}}],"inLanguage":"fr-FR"}]}},"_links":{"self":[{"href":"https:\/\/humainavanttout.com\/boutique\/wp-json\/wp\/v2\/pages\/222","targetHints":{"allow":["GET"]}}],"collection":[{"href":"https:\/\/humainavanttout.com\/boutique\/wp-json\/wp\/v2\/pages"}],"about":[{"href":"https:\/\/humainavanttout.com\/boutique\/wp-json\/wp\/v2\/types\/page"}],"author":[{"embeddable":true,"href":"https:\/\/humainavanttout.com\/boutique\/wp-json\/wp\/v2\/users\/1"}],"replies":[{"embeddable":true,"href":"https:\/\/humainavanttout.com\/boutique\/wp-json\/wp\/v2\/comments?post=222"}],"version-history":[{"count":30,"href":"https:\/\/humainavanttout.com\/boutique\/wp-json\/wp\/v2\/pages\/222\/revisions"}],"predecessor-version":[{"id":1043,"href":"https:\/\/humainavanttout.com\/boutique\/wp-json\/wp\/v2\/pages\/222\/revisions\/1043"}],"wp:attachment":[{"href":"https:\/\/humainavanttout.com\/boutique\/wp-json\/wp\/v2\/media?parent=222"}],"curies":[{"name":"wp","href":"https:\/\/api.w.org\/{rel}","templated":true}]}}