{"id":226,"date":"2022-04-27T20:48:19","date_gmt":"2022-04-28T00:48:19","guid":{"rendered":"https:\/\/humainavanttout.com\/boutique\/?page_id=226"},"modified":"2024-12-12T02:14:08","modified_gmt":"2024-12-12T07:14:08","slug":"politique-de-confidentialite","status":"publish","type":"page","link":"https:\/\/humainavanttout.com\/boutique\/politique-de-confidentialite\/","title":{"rendered":"Politique de confidentialit\u00e9"},"content":{"rendered":"\t\t<div data-elementor-type=\"wp-page\" data-elementor-id=\"226\" class=\"elementor elementor-226\" data-elementor-post-type=\"page\">\n\t\t\t\t<div class=\"elementor-element elementor-element-7093c0c e-grid e-con-full e-con e-parent\" data-id=\"7093c0c\" data-element_type=\"container\" data-settings=\"{&quot;background_background&quot;:&quot;classic&quot;}\">\n\t\t\t\t<div class=\"elementor-element elementor-element-dc5bd05 titre-accueil elementor-widget elementor-widget-heading\" data-id=\"dc5bd05\" data-element_type=\"widget\" data-widget_type=\"heading.default\">\n\t\t\t\t<div class=\"elementor-widget-container\">\n\t\t\t<h2 class=\"elementor-heading-title elementor-size-default\">Politique de confidentialit\u00e9<\/h2>\t\t<\/div>\n\t\t\t\t<\/div>\n\t\t\t\t<\/div>\n\t\t<div class=\"elementor-element elementor-element-59ef79e e-flex e-con-boxed e-con e-parent\" data-id=\"59ef79e\" data-element_type=\"container\">\n\t\t\t\t\t<div class=\"e-con-inner\">\n\t\t\t\t<div class=\"elementor-element elementor-element-b455f0a elementor-widget elementor-widget-text-editor\" data-id=\"b455f0a\" data-element_type=\"widget\" data-widget_type=\"text-editor.default\">\n\t\t\t\t<div class=\"elementor-widget-container\">\n\t\t\t\t\t\t\t<h2>Notre politique de confidentialit\u00e9<\/h2><p>La protection de votre vie priv\u00e9e est importante pour Humain Avant Tout. Pour cette raison, nous avons mis en place des mesures de protection et de saine gestion de vos renseignements personnels conform\u00e9ment aux lois applicables.<\/p><p>La pr\u00e9sente politique de confidentialit\u00e9 (la \u00ab\u00a0<strong>Politique<\/strong>\u00a0\u00bb), qui doit \u00eatre lue conjointement avec nos Termes et Conditions et toute autre entente de services applicable conclue entre vous et nous, d\u00e9crit nos pratiques en mati\u00e8re de respect de la vie priv\u00e9e et de protection des renseignements personnels, y compris la mani\u00e8re dont nous traitons, recueillons, utilisons et divulguons vos Renseignements personnels (d\u00e9fini ci-dessous).<\/p><p>En visitant ou en utilisant le site web Humainavanttout.com (le \u00ab\u00a0<strong>Site web<\/strong>\u00a0\u00bb), vous acceptez que nous puissions traiter, recueillir, utiliser, transf\u00e9rer, divulguer et conserver vos Renseignements personnels conform\u00e9ment aux conditions d\u00e9crites dans la pr\u00e9sente Politique. Si vous n\u2019acceptez pas de respecter et d\u2019\u00eatre li\u00e9 par la Politique, vous n\u2019\u00eates pas autoris\u00e9s \u00e0 visiter, acc\u00e9der ou utiliser le Site web ou la boutique en ligne, ni \u00e0 partager vos Renseignements personnels avec nous.<\/p><p>Cette Politique ne s\u2019applique pas aux renseignements personnels des employ\u00e9s et des b\u00e9n\u00e9voles de Humain Avant Tout, ou \u00e0 toute autre personne affili\u00e9e \u00e0 Humain Avant Tout, ainsi qu\u2019\u00e0 toute information qui ne constitue pas un Renseignement personnel tel que d\u00e9fini par la loi.<\/p><h3>1. D\u00e9finitions<\/h3><p>Les mots et expressions qui suivent, lorsqu\u2019ils apparaissent avec une premi\u00e8re lettre en majuscule dans la Politique, ont le sens qui leur est attribu\u00e9 ci-apr\u00e8s, \u00e0 moins d\u2019une d\u00e9rogation implicite ou explicite dans le texte :<\/p><p>\u00ab<strong>\u00a0Renseignements personnels\u00a0<\/strong>\u00bb d\u00e9signe tout renseignement qui concerne une personne physique et permet de l\u2019identifier, tel que d\u00e9fini par la\u00a0<em>Loi sur la protection des renseignements personnels dans le secteur priv\u00e9<\/em>\u00a0(Qu\u00e9bec) ou par toute autre loi \u00e9quivalente d\u2019une autre juridiction. De mani\u00e8re g\u00e9n\u00e9rale, un renseignement concerne une personne physique et permet de l\u2019identifier lorsqu\u2019il r\u00e9v\u00e8le, directement ou indirectement, quelque chose sur l\u2019identit\u00e9, les caract\u00e9ristiques (par exemple, les habilet\u00e9s, pr\u00e9f\u00e9rences, tendances psychologiques, pr\u00e9dispositions, capacit\u00e9s mentales, caract\u00e8re et le comportement de la personne concern\u00e9e) ou les activit\u00e9s de cette personne, et ce, quelle que soit la nature du support ou la forme sous laquelle ce renseignement est accessible (\u00e9crite, graphique, sonore, visuelle, informatis\u00e9e ou autre).<\/p><p>\u00ab\u00a0<b>Site web<\/b>\u00a0\u00bb renvoie au Site web Humainavanttout.com et \u00e0 ses fonctionnalit\u00e9s ainsi qu\u2019\u00e0 tous les services connexes offerts, incluant notamment notre boutique en ligne, notre service \u00e0 la client\u00e8le et la documentation \u00ab en ligne \u00bb ou \u00e9lectronique qui est mise \u00e0 votre disposition.<\/p><h3>2. Traitement des renseignements personnels<\/h3><p><strong>2.1. Collecte des Renseignements personnels<\/strong><\/p><p>Dans le cadre de nos activit\u00e9s, nous pouvons traiter diff\u00e9rents types de Renseignements personnels incluant les renseignements \u00e9num\u00e9r\u00e9s ci-dessous :<\/p><ul><li>des coordonn\u00e9es, tels votre nom et pr\u00e9nom, votre adresse postale, votre adresse courriel, votre num\u00e9ro de t\u00e9l\u00e9phone et votre date de naissance;<\/li><li>des informations professionnelles ou relatives \u00e0 l\u2019emploi, comme votre curriculum vitae, les renseignements \u00e0 l\u2019\u00e9gard de vos ant\u00e9c\u00e9dents criminels et d\u2019autres informations que vous nous fournissez lorsque vous postulez pour un emploi chez Humain Avant Tout;<\/li><li>des renseignements relatifs \u00e0 des produits, tels les renseignements concernant les produits que nous vous avons vendus sur la boutique en ligne;<\/li><li>des informations relatives aux transactions, au paiement et \u00e0 la livraison, comme le mode de paiement utilis\u00e9, la date et l\u2019heure, le montant du paiement, le code postal de facturation, votre adresse et d\u2019autres informations connexes;<\/li><li>des renseignements que vous choisissez de fournir ou de nous transmettre, par exemple, lorsque vous remplissez un formulaire ou communiquez avec nous.<\/li><\/ul><p><b>2.2. Utilisation des renseignements personnels<\/b><\/p><p>Nous pouvons utiliser vos Renseignements personnels aux fins l\u00e9gitimes d\u00e9crites ci-dessous\u00a0:<\/p><p>exploiter, administrer, maintenir, superviser, d\u00e9velopper, am\u00e9liorer et offrir toutes les fonctionnalit\u00e9s de notre\u00a0Site web;<b><\/b><\/p><ul><li>pour assurer le fonctionnement du Site web;<\/li><li>am\u00e9liorer nos services et d\u00e9velopper de nouvelles fonctionnalit\u00e9s du Site web;<\/li><li>vous envoyer des messages de confirmation d\u2019achat ou de remboursement;<\/li><li>r\u00e9pondre \u00e0 vos questions et vous fournir une assistance au besoin;<\/li><li>d\u00e9tecter et pr\u00e9venir les fraudes, erreurs, pourriels, abus, incidents de s\u00e9curit\u00e9 et autres activit\u00e9s pr\u00e9judiciables;<\/li><li>vous transmettre des communications conform\u00e9ment \u00e0 la loi;<\/li><li>pour toute autre fin permise ou requise par la loi.<\/li><\/ul><p>Veuillez noter que nous n\u2019utilisons pas les informations que nous recueillons afin d\u2019en tirer des inf\u00e9rences ou quelque interpr\u00e9tation que ce soit.<\/p><p><b>2.3. Communication des renseignements personnels<\/b><\/p><p>Nous pouvons communiquer vos Renseignements personnels \u00e0 nos employ\u00e9s, entrepreneurs, consultants, mandataires, fournisseurs de services et autres tierces parties de confiance, qui ont besoin de ces renseignements pour nous aider \u00e0 exploiter notre Site web, \u00e0 r\u00e9aliser et \u00e0 prot\u00e9ger nos activit\u00e9s commerciales ou \u00e0 vous servir, \u00e0 condition que ces Fournisseurs de services se soient pr\u00e9alablement engag\u00e9s par \u00e9crit \u00e0 assurer la confidentialit\u00e9 de vos Renseignements personnels conform\u00e9ment aux lois applicables et \u00e0 notre Programme de gouvernance de l\u2019information.<b><br \/><\/b><\/p><p>Nous ne vendons pas, n\u2019\u00e9changeons pas, ni ne communiquons autrement vos renseignements personnels \u00e0 de tierces parties, sous r\u00e9serve des exceptions pr\u00e9vues par la loi.<\/p><p><b>2.3.1. Fournisseurs de services et autres tierces parties<\/b><\/p><p>Bien que nous tentions d\u2019\u00e9viter de communiquer vos Renseignements personnels \u00e0 des tiers, nous comptons sur un tier fournisseur de services pour ex\u00e9cuter le service de paiement. Voici ci-dessous le cas pour lequel un tel partage pourrait avoir lieu :<\/p><ul><li>Stripe \u2013 Nous utilisons Stripe pour le paiement en ligne. Voir leur\u00a0<a href=\"https:\/\/stripe.com\/fr-ca\/privacy\">politique de confidentialit\u00e9<\/a>\u00a0(en anglais).<\/li><\/ul><p>Nous\u00a0concluons des contrats \u00e9crits\u00a0avec nos Fournisseurs de services avant de leur divulguer vos Renseignements personnels et nous ne leur fournissons que les Renseignements personnels n\u00e9cessaires \u00e0 l\u2019ex\u00e9cution de leur mandat. Dans le cadre de ces contrats conclus avec nos Fournisseurs de services, nous nous engageons \u00e0 ce que les principes \u00e9nonc\u00e9s dans la pr\u00e9sente Politique soient respect\u00e9s, et ces Fournisseurs de services sont tenus d\u2019utiliser les Renseignements personnels selon nos directives et uniquement pour les fins pour lesquelles ils ont \u00e9t\u00e9 fournis. De plus, ces Fournisseurs de services nous offrent des garanties suffisantes quant \u00e0 la mise en \u0153uvre de mesures de protection ad\u00e9quates qui sont proportionnelles \u00e0 la sensibilit\u00e9 des Renseignements personnels trait\u00e9s ou communiqu\u00e9s. Lorsque nos Fournisseurs de services n\u2019ont plus besoin de vos Renseignements personnels, nous leur demandons de d\u00e9truire ces donn\u00e9es de mani\u00e8re appropri\u00e9e.<\/p><p><b>2.3.2.\u00a0<\/b><b>Conformit\u00e9 \u00e0 la l\u00e9gislation, r\u00e9ponse aux demandes l\u00e9gales, pr\u00e9vention des pr\u00e9judices et protection de nos droits<\/b><\/p><p>Nous pouvons communiquer vos Renseignements personnels lorsque nous estimons qu\u2019une telle divulgation est autoris\u00e9e, n\u00e9cessaire ou appropri\u00e9e, notamment:<b><\/b><\/p><ul><li>pour r\u00e9pondre aux demandes des autorit\u00e9s publiques et gouvernementales, y compris des autorit\u00e9s publiques et gouvernementales en dehors de votre pays de r\u00e9sidence;<\/li><li>pour prot\u00e9ger nos activit\u00e9s;<\/li><li>pour nous conformer \u00e0 des proc\u00e9dures judiciaires;<\/li><li>pour prot\u00e9ger nos droits, notre vie priv\u00e9e, notre s\u00e9curit\u00e9, nos biens, les v\u00f4tres ou ceux de tiers;<\/li><li>pour nous permettre de mettre en \u0153uvre les recours disponibles ou de limiter les dommages que nous pourrions subir; et<\/li><li>conform\u00e9ment aux lois en vigueur qui sont applicables, y compris des lois en dehors de votre pays de r\u00e9sidence.<\/li><\/ul><p><b>2.3.3. Transaction commerciale<\/b><\/p><p>Nous pouvons partager, transf\u00e9rer ou communiquer, en stricte conformit\u00e9 avec la pr\u00e9sente Politique, vos Renseignements personnels en cas de vente, de transfert ou de cession, en tout ou en partie, de Humain Avant Tout ou de nos actifs (par exemple, \u00e0 la suite d\u2019une fusion, d\u2019une consolidation, d\u2019un changement de contr\u00f4le, d\u2019une r\u00e9organisation, d\u2019une faillite, d\u2019une liquidation ou de toute autre transaction commerciale, y compris dans le cadre de la n\u00e9gociation de telles transactions). Dans ce cas, nous vous informerons avant que vos Renseignements personnels ne soient transf\u00e9r\u00e9s et ne soient r\u00e9gis par une autre politique de confidentialit\u00e9.<b><br \/><\/b><\/p><p><b>2.4. Consentement<\/b><\/p><p>Dans la mesure du possible, Humain Avant Tout obtient directement aupr\u00e8s de la personne concern\u00e9e son consentement \u00e0 ce que nous recueillions, utilisions et communiquions ses Renseignements personnels. Toutefois, si vous nous fournissez des Renseignements personnels au sujet d\u2019autres personnes, vous devez vous assurer de les avoir d\u00fbment avis\u00e9es que vous nous fournissez leurs renseignements en plus d\u2019avoir obtenu leur consentement \u00e0 une telle communication.<b><br \/><\/b><\/p><p>Nous solliciterons votre consentement explicite avant d\u2019utiliser ou de communiquer vos Renseignements personnels \u00e0 d\u2019autres fins que celles \u00e9nonc\u00e9es aux pr\u00e9sentes.<\/p><p><b>2.5. Conservation des renseignements personnels<\/b><\/p><p>Sous r\u00e9serve des lois applicables, nous conservons vos Renseignements personnels uniquement pour le temps n\u00e9cessaire \u00e0 la r\u00e9alisation des fins pour lesquelles ces renseignements ont \u00e9t\u00e9 recueillis, \u00e0 moins que vous ne consentiez \u00e0 ce que vous Renseignements personnels soient utilis\u00e9s ou trait\u00e9s \u00e0 une autre fin. \u00c0 titre indicatif, la dur\u00e9e de certains renseignements peut s\u2019\u00e9tendre jusqu\u2019\u00e0 7 ans suivant la fin des Services rendus par Humain Avant Tout \u00e0 votre \u00e9gard. De plus, nos p\u00e9riodes de conservation peuvent \u00eatre modifi\u00e9es en temps opportun en raison d\u2019int\u00e9r\u00eats l\u00e9gitimes (par exemple, pour garantir la s\u00e9curit\u00e9 des Renseignements personnels, pour pr\u00e9venir les abus et violations ou pour poursuivre des criminels).<b><br \/><\/b><\/p><p><strong>3. Vos droits<\/strong><\/p><p>\u00c0 titre de personne concern\u00e9e, vous pouvez exercer les droits \u00e9nonc\u00e9s ci-dessous en nous transmettant une demande \u00e9crite par courriel ou par la poste \u00e0 l\u2019attention de notre Responsable \u00e0 la protection des renseignements personnels aux coordonn\u00e9es pr\u00e9vues \u00e0 l\u2019article 2 ci-dessus :<strong><br \/><\/strong><\/p><ul><li>Vous avez le droit d\u2019\u00eatre inform\u00e9 des Renseignements personnels que nous d\u00e9tenons \u00e0 votre sujet et de demander une copie papier des documents contenant vos Renseignements personnels, sous r\u00e9serve des exceptions pr\u00e9vues par la loi applicable;<\/li><li>Vous avez le droit de faire rectifier, modifier et mettre \u00e0 jour les Renseignements personnels que nous d\u00e9tenons \u00e0 votre sujet s\u2019ils sont incomplets, \u00e9quivoques, p\u00e9rim\u00e9s ou inexacts;<\/li><li>Vous avez le droit en tout temps de retirer ou modifier votre consentement \u00e0 ce que nous traitions vos Renseignements personnels, sous r\u00e9serve des restrictions l\u00e9gales et contractuelles applicables;<\/li><li>Vous avez le droit de nous demander de cesser de diffuser vos Renseignements personnels et de d\u00e9sindexer tout lien rattach\u00e9 \u00e0 votre nom qui donne acc\u00e8s \u00e0 ces renseignements si cette diffusion contrevient \u00e0 la loi ou \u00e0 une ordonnance judiciaire;<\/li><li>Vous avez le droit de demander que vos Renseignements personnels vous soient communiqu\u00e9s ou qu\u2019ils soient transf\u00e9r\u00e9s \u00e0 une autre organisation dans un format technologique structur\u00e9 et couramment utilis\u00e9;<\/li><li>Vous avez le droit de porter plainte aupr\u00e8s de l\u2019autorit\u00e9 comp\u00e9tente en mati\u00e8re de protection des Renseignements personnels, sous r\u00e9serve des conditions pr\u00e9vues par la loi applicable.<\/li><\/ul><p>Afin de donner suite \u00e0 votre demande, il peut vous \u00eatre demand\u00e9 de fournir un document d\u2019identification appropri\u00e9 ou de vous identifier autrement. Nous ferons de notre mieux pour vous r\u00e9pondre dans un d\u00e9lai d\u2019un mois.<\/p><div><b>4. Mesures de s\u00e9curit\u00e9<\/b><\/div><div><b>\u00a0<\/b><\/div><div>Humain Avant Tout met en \u0153uvre une s\u00e9rie de mesures de s\u00e9curit\u00e9 physiques, technologiques et organisationnelles raisonnable visant \u00e0 prot\u00e9ger de mani\u00e8re ad\u00e9quate la confidentialit\u00e9 et la s\u00e9curit\u00e9 de vos renseignements personnels contre la perte, le vol ou tout acc\u00e8s, divulgation, reproduction, communication, utilisation, modification ou destruction non autoris\u00e9e. Ces mesures comprennent notamment le cryptage, le contr\u00f4le d\u2019acc\u00e8s et des engagements de confidentialit\u00e9 avec nos Fournisseurs de services, etc.<b><br \/><\/b><\/div><div>\u00a0<\/div><div>Malgr\u00e9 les mesures d\u00e9crites ci-dessus, nous ne pouvons garantir la s\u00e9curit\u00e9 absolue de vos Renseignements personnels. Si vous avez des raisons de croire que vos Renseignements personnels ne sont plus prot\u00e9g\u00e9s, veuillez nous contacter imm\u00e9diatement.<\/div><div>\u00a0<\/div><div><div><b>5.\u00a0<\/b><b>MODIFICATIONS DE LA PR\u00c9SENTE POLITIQUE DE CONFIDENTIALIT\u00c9<\/b><\/div><div>\u00a0<\/div><div>Nous nous r\u00e9servons le droit de mettre \u00e0 jour et modifier la pr\u00e9sente Politique \u00e0 tout moment conform\u00e9ment \u00e0 la l\u00e9gislation applicable. En cas de modification, nous publierons la version r\u00e9vis\u00e9e de la Politique de confidentialit\u00e9 et actualiserons la date de derni\u00e8re mise \u00e0 jour figurant au haut de cette page. Nous vous encourageons \u00e0 consulter notre Politique de confidentialit\u00e9 lorsque vous visitez le Site web afin de rester inform\u00e9 de la mani\u00e8re dont nous traitons les Renseignements personnels. Si vous n\u2019approuvez pas les conditions mises \u00e0 jour de la Politique de confidentialit\u00e9, nous vous invitons \u00e0 ne plus utiliser notre Site web. Le fait de continuer \u00e0 utiliser notre Site web apr\u00e8s la publication de toute modification constitue une acceptation de ces modifications.<\/div><div>\u00a0<\/div><\/div><div><div><b>6.\u00a0<\/b><b>Lien vers des services tiers<\/b><\/div><div><b>\u00a0<\/b><\/div><div>Il peut arriver \u00e0 l\u2019occasion que nous incluions sur le\u00a0Site web\u00a0des r\u00e9f\u00e9rences ou des liens vers des sites web, du contenu, des produits ou des services fournis par des tiers. Ces services de tiers, qui ne sont pas exploit\u00e9s ni contr\u00f4l\u00e9s par Humain Avant Tout, sont r\u00e9gis par des politiques de confidentialit\u00e9 enti\u00e8rement distinctes et ind\u00e9pendantes de la n\u00f4tre. Nous n\u2019assumons donc aucune responsabilit\u00e9 quant au contenu et aux activit\u00e9s de ces sites. La pr\u00e9sente Politique s\u2019applique uniquement au Site web que nous offrons et ne s\u2019\u00e9tend donc pas aux sites web, contenu, produits ou services fournis par des tiers.<b><br \/><\/b><\/div><\/div><div>\u00a0<\/div><div><div><b>7. Contactez-nous<\/b><\/div><div><b>\u00a0<\/b><\/div><div>Toute question, demande, commentaire, plainte ou pr\u00e9occupation concernant la pr\u00e9sente Politique de confidentialit\u00e9, nos pratiques en mati\u00e8re de protection des renseignements personnels ou vos Renseignements personnels doit \u00eatre transmise \u00e0 notre Responsable de la protection des renseignements personnels aux coordonn\u00e9es pr\u00e9vues \u00e0 l\u2019article 2 de la pr\u00e9sente Politique.<\/div><\/div>\t\t\t\t\t\t<\/div>\n\t\t\t\t<\/div>\n\t\t\t\t\t<\/div>\n\t\t\t\t<\/div>\n\t\t\t\t<\/div>\n\t\t","protected":false},"excerpt":{"rendered":"<p>Politique de confidentialit\u00e9 Notre politique de confidentialit\u00e9 La protection de votre vie priv\u00e9e est importante pour Humain Avant Tout. Pour cette raison, nous avons mis en place des mesures de protection et de saine gestion de vos renseignements personnels conform\u00e9ment aux lois applicables. La pr\u00e9sente politique de confidentialit\u00e9 (la \u00ab\u00a0Politique\u00a0\u00bb), qui doit \u00eatre lue conjointement [&hellip;]<\/p>\n","protected":false},"author":1,"featured_media":0,"parent":0,"menu_order":0,"comment_status":"closed","ping_status":"closed","template":"","meta":{"_monsterinsights_skip_tracking":false,"_monsterinsights_sitenote_active":false,"_monsterinsights_sitenote_note":"","_monsterinsights_sitenote_category":0,"footnotes":""},"class_list":["post-226","page","type-page","status-publish","hentry"],"yoast_head":"<!-- This site is optimized with the Yoast SEO plugin v24.0 - https:\/\/yoast.com\/wordpress\/plugins\/seo\/ -->\n<title>Politique de confidentialit\u00e9 - Boutique Humain Avant Tout<\/title>\n<meta name=\"robots\" content=\"index, follow, max-snippet:-1, max-image-preview:large, max-video-preview:-1\" \/>\n<link rel=\"canonical\" href=\"https:\/\/humainavanttout.com\/boutique\/politique-de-confidentialite\/\" \/>\n<meta property=\"og:locale\" content=\"fr_FR\" \/>\n<meta property=\"og:type\" content=\"article\" \/>\n<meta property=\"og:title\" content=\"Politique de confidentialit\u00e9 - Boutique Humain Avant Tout\" \/>\n<meta property=\"og:description\" content=\"Politique de confidentialit\u00e9 Notre politique de confidentialit\u00e9 La protection de votre vie priv\u00e9e est importante pour Humain Avant Tout. Pour cette raison, nous avons mis en place des mesures de protection et de saine gestion de vos renseignements personnels conform\u00e9ment aux lois applicables. La pr\u00e9sente politique de confidentialit\u00e9 (la \u00ab\u00a0Politique\u00a0\u00bb), qui doit \u00eatre lue conjointement [&hellip;]\" \/>\n<meta property=\"og:url\" content=\"https:\/\/humainavanttout.com\/boutique\/politique-de-confidentialite\/\" \/>\n<meta property=\"og:site_name\" content=\"Boutique Humain Avant Tout\" \/>\n<meta property=\"article:modified_time\" content=\"2024-12-12T07:14:08+00:00\" \/>\n<meta name=\"twitter:card\" content=\"summary_large_image\" \/>\n<meta name=\"twitter:label1\" content=\"Est. reading time\" \/>\n\t<meta name=\"twitter:data1\" content=\"11 minutes\" \/>\n<script type=\"application\/ld+json\" class=\"yoast-schema-graph\">{\"@context\":\"https:\/\/schema.org\",\"@graph\":[{\"@type\":\"WebPage\",\"@id\":\"https:\/\/humainavanttout.com\/boutique\/politique-de-confidentialite\/\",\"url\":\"https:\/\/humainavanttout.com\/boutique\/politique-de-confidentialite\/\",\"name\":\"Politique de confidentialit\u00e9 - Boutique Humain Avant Tout\",\"isPartOf\":{\"@id\":\"https:\/\/humainavanttout.com\/boutique\/#website\"},\"datePublished\":\"2022-04-28T00:48:19+00:00\",\"dateModified\":\"2024-12-12T07:14:08+00:00\",\"breadcrumb\":{\"@id\":\"https:\/\/humainavanttout.com\/boutique\/politique-de-confidentialite\/#breadcrumb\"},\"inLanguage\":\"fr-FR\",\"potentialAction\":[{\"@type\":\"ReadAction\",\"target\":[\"https:\/\/humainavanttout.com\/boutique\/politique-de-confidentialite\/\"]}]},{\"@type\":\"BreadcrumbList\",\"@id\":\"https:\/\/humainavanttout.com\/boutique\/politique-de-confidentialite\/#breadcrumb\",\"itemListElement\":[{\"@type\":\"ListItem\",\"position\":1,\"name\":\"Home\",\"item\":\"https:\/\/humainavanttout.com\/boutique\/\"},{\"@type\":\"ListItem\",\"position\":2,\"name\":\"Politique de confidentialit\u00e9\"}]},{\"@type\":\"WebSite\",\"@id\":\"https:\/\/humainavanttout.com\/boutique\/#website\",\"url\":\"https:\/\/humainavanttout.com\/boutique\/\",\"name\":\"Boutique Humain Avant Tout\",\"description\":\"\",\"potentialAction\":[{\"@type\":\"SearchAction\",\"target\":{\"@type\":\"EntryPoint\",\"urlTemplate\":\"https:\/\/humainavanttout.com\/boutique\/?s={search_term_string}\"},\"query-input\":{\"@type\":\"PropertyValueSpecification\",\"valueRequired\":true,\"valueName\":\"search_term_string\"}}],\"inLanguage\":\"fr-FR\"}]}<\/script>\n<!-- \/ Yoast SEO plugin. -->","yoast_head_json":{"title":"Politique de confidentialit\u00e9 - Boutique Humain Avant Tout","robots":{"index":"index","follow":"follow","max-snippet":"max-snippet:-1","max-image-preview":"max-image-preview:large","max-video-preview":"max-video-preview:-1"},"canonical":"https:\/\/humainavanttout.com\/boutique\/politique-de-confidentialite\/","og_locale":"fr_FR","og_type":"article","og_title":"Politique de confidentialit\u00e9 - Boutique Humain Avant Tout","og_description":"Politique de confidentialit\u00e9 Notre politique de confidentialit\u00e9 La protection de votre vie priv\u00e9e est importante pour Humain Avant Tout. Pour cette raison, nous avons mis en place des mesures de protection et de saine gestion de vos renseignements personnels conform\u00e9ment aux lois applicables. La pr\u00e9sente politique de confidentialit\u00e9 (la \u00ab\u00a0Politique\u00a0\u00bb), qui doit \u00eatre lue conjointement [&hellip;]","og_url":"https:\/\/humainavanttout.com\/boutique\/politique-de-confidentialite\/","og_site_name":"Boutique Humain Avant Tout","article_modified_time":"2024-12-12T07:14:08+00:00","twitter_card":"summary_large_image","twitter_misc":{"Est. reading time":"11 minutes"},"schema":{"@context":"https:\/\/schema.org","@graph":[{"@type":"WebPage","@id":"https:\/\/humainavanttout.com\/boutique\/politique-de-confidentialite\/","url":"https:\/\/humainavanttout.com\/boutique\/politique-de-confidentialite\/","name":"Politique de confidentialit\u00e9 - Boutique Humain Avant Tout","isPartOf":{"@id":"https:\/\/humainavanttout.com\/boutique\/#website"},"datePublished":"2022-04-28T00:48:19+00:00","dateModified":"2024-12-12T07:14:08+00:00","breadcrumb":{"@id":"https:\/\/humainavanttout.com\/boutique\/politique-de-confidentialite\/#breadcrumb"},"inLanguage":"fr-FR","potentialAction":[{"@type":"ReadAction","target":["https:\/\/humainavanttout.com\/boutique\/politique-de-confidentialite\/"]}]},{"@type":"BreadcrumbList","@id":"https:\/\/humainavanttout.com\/boutique\/politique-de-confidentialite\/#breadcrumb","itemListElement":[{"@type":"ListItem","position":1,"name":"Home","item":"https:\/\/humainavanttout.com\/boutique\/"},{"@type":"ListItem","position":2,"name":"Politique de confidentialit\u00e9"}]},{"@type":"WebSite","@id":"https:\/\/humainavanttout.com\/boutique\/#website","url":"https:\/\/humainavanttout.com\/boutique\/","name":"Boutique Humain Avant Tout","description":"","potentialAction":[{"@type":"SearchAction","target":{"@type":"EntryPoint","urlTemplate":"https:\/\/humainavanttout.com\/boutique\/?s={search_term_string}"},"query-input":{"@type":"PropertyValueSpecification","valueRequired":true,"valueName":"search_term_string"}}],"inLanguage":"fr-FR"}]}},"_links":{"self":[{"href":"https:\/\/humainavanttout.com\/boutique\/wp-json\/wp\/v2\/pages\/226","targetHints":{"allow":["GET"]}}],"collection":[{"href":"https:\/\/humainavanttout.com\/boutique\/wp-json\/wp\/v2\/pages"}],"about":[{"href":"https:\/\/humainavanttout.com\/boutique\/wp-json\/wp\/v2\/types\/page"}],"author":[{"embeddable":true,"href":"https:\/\/humainavanttout.com\/boutique\/wp-json\/wp\/v2\/users\/1"}],"replies":[{"embeddable":true,"href":"https:\/\/humainavanttout.com\/boutique\/wp-json\/wp\/v2\/comments?post=226"}],"version-history":[{"count":20,"href":"https:\/\/humainavanttout.com\/boutique\/wp-json\/wp\/v2\/pages\/226\/revisions"}],"predecessor-version":[{"id":1040,"href":"https:\/\/humainavanttout.com\/boutique\/wp-json\/wp\/v2\/pages\/226\/revisions\/1040"}],"wp:attachment":[{"href":"https:\/\/humainavanttout.com\/boutique\/wp-json\/wp\/v2\/media?parent=226"}],"curies":[{"name":"wp","href":"https:\/\/api.w.org\/{rel}","templated":true}]}}