{"id":151,"date":"2022-04-13T16:53:22","date_gmt":"2022-04-13T20:53:22","guid":{"rendered":"https:\/\/humainavanttout.com\/boutique\/?post_type=product&#038;p=151"},"modified":"2025-09-02T01:01:02","modified_gmt":"2025-09-02T05:01:02","slug":"lhypersensibilite-emotionnelle","status":"publish","type":"product","link":"https:\/\/humainavanttout.com\/boutique\/produit\/lhypersensibilite-emotionnelle\/","title":{"rendered":"Hypersensibilit\u00e9 \u00e9motionnelle"},"content":{"rendered":"","protected":false},"excerpt":{"rendered":"<p>Avec les bons outils, l&rsquo;hypersensibilit\u00e9 \u00e9motionnelle est une belle et grande qualit\u00e9 qui peut \u00eatre exploit\u00e9e de diff\u00e9rentes fa\u00e7ons.<\/p>\n<p>Affiche 8&#215;10 po envoy\u00e9e \u00e0 plat (cadre non inclus)<br \/>\nCr\u00e9\u00e9e par notre illustratrice Sophie-Andr\u00e9e Legault<br \/>\nImprim\u00e9e \u00e0 Montr\u00e9al<\/p>\n","protected":false},"featured_media":549,"comment_status":"open","ping_status":"closed","template":"","meta":{"_monsterinsights_skip_tracking":false,"_monsterinsights_sitenote_active":false,"_monsterinsights_sitenote_note":"","_monsterinsights_sitenote_category":0},"product_cat":[17],"product_tag":[],"class_list":{"0":"post-151","1":"product","2":"type-product","3":"status-publish","4":"has-post-thumbnail","6":"product_cat-affiches-educatives-sante-mentale","8":"first","9":"outofstock","10":"shipping-taxable","11":"purchasable","12":"product-type-simple"},"yoast_head":"<!-- This site is optimized with the Yoast SEO plugin v24.0 - https:\/\/yoast.com\/wordpress\/plugins\/seo\/ -->\n<title>Hypersensibilit\u00e9 \u00e9motionnelle - Boutique Humain Avant Tout<\/title>\n<meta name=\"robots\" content=\"index, follow, max-snippet:-1, max-image-preview:large, max-video-preview:-1\" \/>\n<link rel=\"canonical\" href=\"https:\/\/humainavanttout.com\/boutique\/produit\/lhypersensibilite-emotionnelle\/\" \/>\n<meta property=\"og:locale\" content=\"fr_FR\" \/>\n<meta property=\"og:type\" content=\"article\" \/>\n<meta property=\"og:title\" content=\"Hypersensibilit\u00e9 \u00e9motionnelle - Boutique Humain Avant Tout\" \/>\n<meta property=\"og:description\" content=\"Avec les bons outils, l&#039;hypersensibilit\u00e9 \u00e9motionnelle est une belle et grande qualit\u00e9 qui peut \u00eatre exploit\u00e9e de diff\u00e9rentes fa\u00e7ons.  Affiche 8x10 po envoy\u00e9e \u00e0 plat (cadre non inclus) Cr\u00e9\u00e9e par notre illustratrice Sophie-Andr\u00e9e Legault Imprim\u00e9e \u00e0 Montr\u00e9al\" \/>\n<meta property=\"og:url\" content=\"https:\/\/humainavanttout.com\/boutique\/produit\/lhypersensibilite-emotionnelle\/\" \/>\n<meta property=\"og:site_name\" content=\"Boutique Humain Avant Tout\" \/>\n<meta property=\"article:modified_time\" content=\"2025-09-02T05:01:02+00:00\" \/>\n<meta property=\"og:image\" content=\"https:\/\/humainavanttout.com\/boutique\/wp-content\/uploads\/2022\/04\/mockup_hypersensibilite-1024x768.png\" \/>\n\t<meta property=\"og:image:width\" content=\"1024\" \/>\n\t<meta property=\"og:image:height\" content=\"768\" \/>\n\t<meta property=\"og:image:type\" content=\"image\/png\" \/>\n<meta name=\"twitter:card\" content=\"summary_large_image\" \/>\n<meta name=\"twitter:label1\" content=\"Est. reading time\" \/>\n\t<meta name=\"twitter:data1\" content=\"1 minute\" \/>\n<script type=\"application\/ld+json\" class=\"yoast-schema-graph\">{\"@context\":\"https:\/\/schema.org\",\"@graph\":[{\"@type\":\"WebPage\",\"@id\":\"https:\/\/humainavanttout.com\/boutique\/produit\/lhypersensibilite-emotionnelle\/\",\"url\":\"https:\/\/humainavanttout.com\/boutique\/produit\/lhypersensibilite-emotionnelle\/\",\"name\":\"Hypersensibilit\u00e9 \u00e9motionnelle - Boutique Humain Avant Tout\",\"isPartOf\":{\"@id\":\"https:\/\/humainavanttout.com\/boutique\/#website\"},\"primaryImageOfPage\":{\"@id\":\"https:\/\/humainavanttout.com\/boutique\/produit\/lhypersensibilite-emotionnelle\/#primaryimage\"},\"image\":{\"@id\":\"https:\/\/humainavanttout.com\/boutique\/produit\/lhypersensibilite-emotionnelle\/#primaryimage\"},\"thumbnailUrl\":\"https:\/\/humainavanttout.com\/boutique\/wp-content\/uploads\/2022\/04\/mockup_hypersensibilite.png\",\"datePublished\":\"2022-04-13T20:53:22+00:00\",\"dateModified\":\"2025-09-02T05:01:02+00:00\",\"breadcrumb\":{\"@id\":\"https:\/\/humainavanttout.com\/boutique\/produit\/lhypersensibilite-emotionnelle\/#breadcrumb\"},\"inLanguage\":\"fr-FR\",\"potentialAction\":[{\"@type\":\"ReadAction\",\"target\":[\"https:\/\/humainavanttout.com\/boutique\/produit\/lhypersensibilite-emotionnelle\/\"]}]},{\"@type\":\"ImageObject\",\"inLanguage\":\"fr-FR\",\"@id\":\"https:\/\/humainavanttout.com\/boutique\/produit\/lhypersensibilite-emotionnelle\/#primaryimage\",\"url\":\"https:\/\/humainavanttout.com\/boutique\/wp-content\/uploads\/2022\/04\/mockup_hypersensibilite.png\",\"contentUrl\":\"https:\/\/humainavanttout.com\/boutique\/wp-content\/uploads\/2022\/04\/mockup_hypersensibilite.png\",\"width\":5800,\"height\":4350},{\"@type\":\"BreadcrumbList\",\"@id\":\"https:\/\/humainavanttout.com\/boutique\/produit\/lhypersensibilite-emotionnelle\/#breadcrumb\",\"itemListElement\":[{\"@type\":\"ListItem\",\"position\":1,\"name\":\"Home\",\"item\":\"https:\/\/humainavanttout.com\/boutique\/\"},{\"@type\":\"ListItem\",\"position\":2,\"name\":\"Products\",\"item\":\"https:\/\/humainavanttout.com\/boutique\/affiches\/\"},{\"@type\":\"ListItem\",\"position\":3,\"name\":\"Hypersensibilit\u00e9 \u00e9motionnelle\"}]},{\"@type\":\"WebSite\",\"@id\":\"https:\/\/humainavanttout.com\/boutique\/#website\",\"url\":\"https:\/\/humainavanttout.com\/boutique\/\",\"name\":\"Boutique Humain Avant Tout\",\"description\":\"\",\"potentialAction\":[{\"@type\":\"SearchAction\",\"target\":{\"@type\":\"EntryPoint\",\"urlTemplate\":\"https:\/\/humainavanttout.com\/boutique\/?s={search_term_string}\"},\"query-input\":{\"@type\":\"PropertyValueSpecification\",\"valueRequired\":true,\"valueName\":\"search_term_string\"}}],\"inLanguage\":\"fr-FR\"}]}<\/script>\n<!-- \/ Yoast SEO plugin. -->","yoast_head_json":{"title":"Hypersensibilit\u00e9 \u00e9motionnelle - Boutique Humain Avant Tout","robots":{"index":"index","follow":"follow","max-snippet":"max-snippet:-1","max-image-preview":"max-image-preview:large","max-video-preview":"max-video-preview:-1"},"canonical":"https:\/\/humainavanttout.com\/boutique\/produit\/lhypersensibilite-emotionnelle\/","og_locale":"fr_FR","og_type":"article","og_title":"Hypersensibilit\u00e9 \u00e9motionnelle - Boutique Humain Avant Tout","og_description":"Avec les bons outils, l'hypersensibilit\u00e9 \u00e9motionnelle est une belle et grande qualit\u00e9 qui peut \u00eatre exploit\u00e9e de diff\u00e9rentes fa\u00e7ons.  Affiche 8x10 po envoy\u00e9e \u00e0 plat (cadre non inclus) Cr\u00e9\u00e9e par notre illustratrice Sophie-Andr\u00e9e Legault Imprim\u00e9e \u00e0 Montr\u00e9al","og_url":"https:\/\/humainavanttout.com\/boutique\/produit\/lhypersensibilite-emotionnelle\/","og_site_name":"Boutique Humain Avant Tout","article_modified_time":"2025-09-02T05:01:02+00:00","og_image":[{"width":1024,"height":768,"url":"https:\/\/humainavanttout.com\/boutique\/wp-content\/uploads\/2022\/04\/mockup_hypersensibilite-1024x768.png","type":"image\/png"}],"twitter_card":"summary_large_image","twitter_misc":{"Est. reading time":"1 minute"},"schema":{"@context":"https:\/\/schema.org","@graph":[{"@type":"WebPage","@id":"https:\/\/humainavanttout.com\/boutique\/produit\/lhypersensibilite-emotionnelle\/","url":"https:\/\/humainavanttout.com\/boutique\/produit\/lhypersensibilite-emotionnelle\/","name":"Hypersensibilit\u00e9 \u00e9motionnelle - Boutique Humain Avant Tout","isPartOf":{"@id":"https:\/\/humainavanttout.com\/boutique\/#website"},"primaryImageOfPage":{"@id":"https:\/\/humainavanttout.com\/boutique\/produit\/lhypersensibilite-emotionnelle\/#primaryimage"},"image":{"@id":"https:\/\/humainavanttout.com\/boutique\/produit\/lhypersensibilite-emotionnelle\/#primaryimage"},"thumbnailUrl":"https:\/\/humainavanttout.com\/boutique\/wp-content\/uploads\/2022\/04\/mockup_hypersensibilite.png","datePublished":"2022-04-13T20:53:22+00:00","dateModified":"2025-09-02T05:01:02+00:00","breadcrumb":{"@id":"https:\/\/humainavanttout.com\/boutique\/produit\/lhypersensibilite-emotionnelle\/#breadcrumb"},"inLanguage":"fr-FR","potentialAction":[{"@type":"ReadAction","target":["https:\/\/humainavanttout.com\/boutique\/produit\/lhypersensibilite-emotionnelle\/"]}]},{"@type":"ImageObject","inLanguage":"fr-FR","@id":"https:\/\/humainavanttout.com\/boutique\/produit\/lhypersensibilite-emotionnelle\/#primaryimage","url":"https:\/\/humainavanttout.com\/boutique\/wp-content\/uploads\/2022\/04\/mockup_hypersensibilite.png","contentUrl":"https:\/\/humainavanttout.com\/boutique\/wp-content\/uploads\/2022\/04\/mockup_hypersensibilite.png","width":5800,"height":4350},{"@type":"BreadcrumbList","@id":"https:\/\/humainavanttout.com\/boutique\/produit\/lhypersensibilite-emotionnelle\/#breadcrumb","itemListElement":[{"@type":"ListItem","position":1,"name":"Home","item":"https:\/\/humainavanttout.com\/boutique\/"},{"@type":"ListItem","position":2,"name":"Products","item":"https:\/\/humainavanttout.com\/boutique\/affiches\/"},{"@type":"ListItem","position":3,"name":"Hypersensibilit\u00e9 \u00e9motionnelle"}]},{"@type":"WebSite","@id":"https:\/\/humainavanttout.com\/boutique\/#website","url":"https:\/\/humainavanttout.com\/boutique\/","name":"Boutique Humain Avant Tout","description":"","potentialAction":[{"@type":"SearchAction","target":{"@type":"EntryPoint","urlTemplate":"https:\/\/humainavanttout.com\/boutique\/?s={search_term_string}"},"query-input":{"@type":"PropertyValueSpecification","valueRequired":true,"valueName":"search_term_string"}}],"inLanguage":"fr-FR"}]}},"_links":{"self":[{"href":"https:\/\/humainavanttout.com\/boutique\/wp-json\/wp\/v2\/product\/151","targetHints":{"allow":["GET"]}}],"collection":[{"href":"https:\/\/humainavanttout.com\/boutique\/wp-json\/wp\/v2\/product"}],"about":[{"href":"https:\/\/humainavanttout.com\/boutique\/wp-json\/wp\/v2\/types\/product"}],"replies":[{"embeddable":true,"href":"https:\/\/humainavanttout.com\/boutique\/wp-json\/wp\/v2\/comments?post=151"}],"version-history":[{"count":4,"href":"https:\/\/humainavanttout.com\/boutique\/wp-json\/wp\/v2\/product\/151\/revisions"}],"predecessor-version":[{"id":1269,"href":"https:\/\/humainavanttout.com\/boutique\/wp-json\/wp\/v2\/product\/151\/revisions\/1269"}],"wp:featuredmedia":[{"embeddable":true,"href":"https:\/\/humainavanttout.com\/boutique\/wp-json\/wp\/v2\/media\/549"}],"wp:attachment":[{"href":"https:\/\/humainavanttout.com\/boutique\/wp-json\/wp\/v2\/media?parent=151"}],"wp:term":[{"taxonomy":"product_cat","embeddable":true,"href":"https:\/\/humainavanttout.com\/boutique\/wp-json\/wp\/v2\/product_cat?post=151"},{"taxonomy":"product_tag","embeddable":true,"href":"https:\/\/humainavanttout.com\/boutique\/wp-json\/wp\/v2\/product_tag?post=151"}],"curies":[{"name":"wp","href":"https:\/\/api.w.org\/{rel}","templated":true}]}}